{"id":9,"date":"2016-03-21T11:18:57","date_gmt":"2016-03-21T11:18:57","guid":{"rendered":"http:\/\/selbstbehauptung-rhein-main.de\/?page_id=9"},"modified":"2016-05-12T07:26:49","modified_gmt":"2016-05-12T07:26:49","slug":"angebot","status":"publish","type":"page","link":"http:\/\/selbstbehauptung-rhein-main.de\/?page_id=9","title":{"rendered":"Angebot"},"content":{"rendered":"<section id=\"sq-featured-post-section\" class=\"sq-section\">\n<div class=\"sq-container\">\n<div class=\"sq-featured-post-wrap sq-clearfix\">\n<div class=\"sq-featured-post sq-featured-post1\">\n<div class=\"sq-featured-icon\"><i class=\"fa fa-hand-peace-o\"><\/i><\/div>\n<h4>Selbstbehauptung f\u00fcr Kinder und Jugendliche<\/h4>\n<div class=\"sq-featured-excerpt\">\n<p>Kurse f\u00fcr Kindergartenkinder und Sch\u00fcler, spezielle Kurse getrennt f\u00fcr Jungen und M\u00e4dchen<\/p>\n<p><a href=\"http:\/\/selbstbehauptung-rhein-main.de\/?page_id=28\" class=\"sq-featured-readmore\"><i class=\"fa fa-plus-square-o\"><\/i><\/a>\n\t\t\t\t\t\t\t\t\t\t\t\t<\/div>\n<p>&nbsp;<\/p>\n<\/div>\n<div class=\"sq-featured-post sq-featured-post2\">\n<div class=\"sq-featured-icon\"><i class=\"fa fa-eye\"><\/i><\/div>\n<h4>Selbstbehauptung f\u00fcr Erwachsene<\/h4>\n<div class=\"sq-featured-excerpt\">Viele Menschen haben es schwer, ihre Bed\u00fcrfnisse, Ansichten und Interessen gegen\u00fcber anderen durchzusetzen&#8230;<a href=\"http:\/\/selbstbehauptung-rhein-main.de\/?page_id=43\" class=\"sq-featured-readmore\"><i class=\"fa fa-plus-square-o\"><\/i><\/a>\n\t\t\t\t\t\t\t\t\t\t\t\t<\/div>\n<p>&nbsp;<\/p>\n<\/div>\n<div class=\"sq-featured-post sq-featured-post3\">\n<div class=\"sq-featured-icon\"><i class=\"fa fa-hand-stop-o\"><\/i><\/div>\n<h4>Judo und Selbstverteidigung<\/h4>\n<div class=\"sq-featured-excerpt\">Selbstverteidigung und Judo f\u00fcr Erwachsene (auch spezielle Kurse f\u00fcr Frauen) und Kinder<a href=\"http:\/\/selbstbehauptung-rhein-main.de\/?page_id=45\" class=\"sq-featured-readmore\"><i class=\"fa fa-plus-square-o\"><\/i><\/a>\n\t\t\t\t\t\t\t\t\t\t\t\t<\/div>\n<p>&nbsp;<\/p>\n<\/div>\n<\/div>\n<\/div>\n<\/section>\n","protected":false},"excerpt":{"rendered":"<p>Selbstbehauptung f\u00fcr Kinder und Jugendliche Kurse f\u00fcr Kindergartenkinder und Sch\u00fcler, spezielle Kurse getrennt f\u00fcr Jungen und M\u00e4dchen &nbsp; Selbstbehauptung f\u00fcr Erwachsene Viele Menschen haben es schwer, ihre Bed\u00fcrfnisse, Ansichten und Interessen gegen\u00fcber anderen durchzusetzen&#8230; &nbsp; Judo und Selbstverteidigung Selbstverteidigung und Judo f\u00fcr Erwachsene (auch spezielle Kurse f\u00fcr Frauen) und Kinder &nbsp;<\/p>\n","protected":false},"author":1,"featured_media":5,"parent":0,"menu_order":1,"comment_status":"closed","ping_status":"closed","template":"","meta":{"footnotes":""},"class_list":["post-9","page","type-page","status-publish","has-post-thumbnail","hentry"],"_links":{"self":[{"href":"http:\/\/selbstbehauptung-rhein-main.de\/index.php?rest_route=\/wp\/v2\/pages\/9","targetHints":{"allow":["GET"]}}],"collection":[{"href":"http:\/\/selbstbehauptung-rhein-main.de\/index.php?rest_route=\/wp\/v2\/pages"}],"about":[{"href":"http:\/\/selbstbehauptung-rhein-main.de\/index.php?rest_route=\/wp\/v2\/types\/page"}],"author":[{"embeddable":true,"href":"http:\/\/selbstbehauptung-rhein-main.de\/index.php?rest_route=\/wp\/v2\/users\/1"}],"replies":[{"embeddable":true,"href":"http:\/\/selbstbehauptung-rhein-main.de\/index.php?rest_route=%2Fwp%2Fv2%2Fcomments&post=9"}],"version-history":[{"count":12,"href":"http:\/\/selbstbehauptung-rhein-main.de\/index.php?rest_route=\/wp\/v2\/pages\/9\/revisions"}],"predecessor-version":[{"id":417,"href":"http:\/\/selbstbehauptung-rhein-main.de\/index.php?rest_route=\/wp\/v2\/pages\/9\/revisions\/417"}],"wp:featuredmedia":[{"embeddable":true,"href":"http:\/\/selbstbehauptung-rhein-main.de\/index.php?rest_route=\/wp\/v2\/media\/5"}],"wp:attachment":[{"href":"http:\/\/selbstbehauptung-rhein-main.de\/index.php?rest_route=%2Fwp%2Fv2%2Fmedia&parent=9"}],"curies":[{"name":"wp","href":"https:\/\/api.w.org\/{rel}","templated":true}]}}